

{"id":8471,"date":"2021-03-31T10:25:27","date_gmt":"2021-03-31T14:25:27","guid":{"rendered":"https:\/\/fondationsanteoutaouais.ca\/loto-sante-2021\/"},"modified":"2021-05-26T07:24:53","modified_gmt":"2021-05-26T11:24:53","slug":"loto-sante-2021","status":"publish","type":"page","link":"https:\/\/fondationsanteoutaouais.ca\/en\/loto-sante-2021\/","title":{"rendered":"Loto Sant\u00e9 2021"},"content":{"rendered":"","protected":false},"excerpt":{"rendered":"","protected":false},"author":28,"featured_media":0,"parent":0,"menu_order":0,"comment_status":"closed","ping_status":"closed","template":"","meta":{"_acf_changed":false,"_seopress_robots_primary_cat":"","_seopress_titles_title":"","_seopress_titles_desc":"La Loto Sant\u00e9 est une loterie, sous forme de tirage au sort et est une activit\u00e9 de collecte de fonds au profit de la Fondation Sant\u00e9 Gatineau.","_seopress_robots_index":"","footnotes":""},"class_list":["post-8471","page","type-page","status-publish","hentry"],"acf":[],"_links":{"self":[{"href":"https:\/\/fondationsanteoutaouais.ca\/en\/wp-json\/wp\/v2\/pages\/8471","targetHints":{"allow":["GET"]}}],"collection":[{"href":"https:\/\/fondationsanteoutaouais.ca\/en\/wp-json\/wp\/v2\/pages"}],"about":[{"href":"https:\/\/fondationsanteoutaouais.ca\/en\/wp-json\/wp\/v2\/types\/page"}],"author":[{"embeddable":true,"href":"https:\/\/fondationsanteoutaouais.ca\/en\/wp-json\/wp\/v2\/users\/28"}],"replies":[{"embeddable":true,"href":"https:\/\/fondationsanteoutaouais.ca\/en\/wp-json\/wp\/v2\/comments?post=8471"}],"version-history":[{"count":0,"href":"https:\/\/fondationsanteoutaouais.ca\/en\/wp-json\/wp\/v2\/pages\/8471\/revisions"}],"wp:attachment":[{"href":"https:\/\/fondationsanteoutaouais.ca\/en\/wp-json\/wp\/v2\/media?parent=8471"}],"curies":[{"name":"wp","href":"https:\/\/api.w.org\/{rel}","templated":true}]}}